{"id":22,"date":"2026-04-16T14:17:52","date_gmt":"2026-04-16T14:17:52","guid":{"rendered":"https:\/\/magyarscrap.duckdns.org\/?page_id=22"},"modified":"2026-04-16T14:17:52","modified_gmt":"2026-04-16T14:17:52","slug":"kepek","status":"publish","type":"page","link":"https:\/\/magyarscrap.duckdns.org\/index.php\/kepek\/","title":{"rendered":"K\u00e9pek"},"content":{"rendered":"\n<p class=\"has-large-font-size\"><strong>Ez az oldal m\u00e9g k\u00e9sz\u00fcl!<\/strong><\/p>\n\n\n\n<figure class=\"wp-block-image size-full is-resized\"><img loading=\"lazy\" decoding=\"async\" width=\"512\" height=\"512\" src=\"https:\/\/magyarscrap.duckdns.org\/wp-content\/uploads\/2026\/04\/5110294.png\" alt=\"\" class=\"wp-image-34\" style=\"width:359px;height:auto\"\/><\/figure>\n","protected":false},"excerpt":{"rendered":"<p>Ez az oldal m\u00e9g k\u00e9sz\u00fcl!<\/p>\n","protected":false},"author":1,"featured_media":0,"parent":0,"menu_order":0,"comment_status":"closed","ping_status":"closed","template":"","meta":{"footnotes":""},"class_list":["post-22","page","type-page","status-publish","hentry"],"_links":{"self":[{"href":"https:\/\/magyarscrap.duckdns.org\/index.php\/wp-json\/wp\/v2\/pages\/22","targetHints":{"allow":["GET"]}}],"collection":[{"href":"https:\/\/magyarscrap.duckdns.org\/index.php\/wp-json\/wp\/v2\/pages"}],"about":[{"href":"https:\/\/magyarscrap.duckdns.org\/index.php\/wp-json\/wp\/v2\/types\/page"}],"author":[{"embeddable":true,"href":"https:\/\/magyarscrap.duckdns.org\/index.php\/wp-json\/wp\/v2\/users\/1"}],"replies":[{"embeddable":true,"href":"https:\/\/magyarscrap.duckdns.org\/index.php\/wp-json\/wp\/v2\/comments?post=22"}],"version-history":[{"count":1,"href":"https:\/\/magyarscrap.duckdns.org\/index.php\/wp-json\/wp\/v2\/pages\/22\/revisions"}],"predecessor-version":[{"id":48,"href":"https:\/\/magyarscrap.duckdns.org\/index.php\/wp-json\/wp\/v2\/pages\/22\/revisions\/48"}],"wp:attachment":[{"href":"https:\/\/magyarscrap.duckdns.org\/index.php\/wp-json\/wp\/v2\/media?parent=22"}],"curies":[{"name":"wp","href":"https:\/\/api.w.org\/{rel}","templated":true}]}}